{"id":325,"date":"2024-04-03T14:17:36","date_gmt":"2024-04-03T12:17:36","guid":{"rendered":"https:\/\/theboxgallery.de\/shop\/?post_type=product&#038;p=325"},"modified":"2024-04-03T14:17:45","modified_gmt":"2024-04-03T12:17:45","slug":"gabo-glam-session","status":"publish","type":"product","link":"https:\/\/theboxgallery.de\/shop\/produkt\/gabo-glam-session\/","title":{"rendered":"GABO \u2013 GLAM SESSION"},"content":{"rendered":"<p>2015<br \/>\n80 cm x 120 cm<br \/>\nKaschierung unter Acrylglas<br \/>\nLimited Edition: 100<\/p>\n<h2>GABO, geboren 1961 in Hamburg, begann ihre fotografische Reise nach einer Karriere als Model und einem Abschluss in Grafikdesign und wurde eine der erfolgreichsten Portr\u00e4tfotografinnen Deutschlands.<\/h2>\n<p>Ihre Motive umfassen Pers\u00f6nlichkeiten wie Yoko Ono und Angelina Jolie sowie viele deutsche Ber\u00fchmtheiten, darunter Herbert Gr\u00f6nemeyer, Helmut Schmidt, Hannelore Elsner, Udo J\u00fcrgens und Nina Hagen.<\/p>\n<p>Im Jahr 2007 pr\u00e4sentierte GABO ihre Arbeit in einer riesigen Einzelausstellung in Cannes.<\/p>\n","protected":false},"excerpt":{"rendered":"<p>2015 80 cm x 120 cm Kaschierung unter Acrylglas Limited Edition: 100 GABO, geboren 1961 in Hamburg, begann ihre fotografische Reise nach einer Karriere als Model und einem Abschluss in Grafikdesign und wurde eine der erfolgreichsten Portr\u00e4tfotografinnen Deutschlands. Ihre Motive umfassen Pers\u00f6nlichkeiten wie Yoko Ono und Angelina Jolie sowie viele deutsche Ber\u00fchmtheiten, darunter Herbert Gr\u00f6nemeyer, [&hellip;]<\/p>\n","protected":false},"featured_media":354,"comment_status":"open","ping_status":"closed","template":"","meta":[],"product_cat":[64,66],"product_tag":[67],"class_list":{"0":"post-325","1":"product","2":"type-product","3":"status-publish","4":"has-post-thumbnail","6":"product_cat-franz-seraph-von-lenbach","7":"product_cat-gabo","8":"product_tag-gabo","10":"first","11":"instock","12":"taxable","13":"shipping-taxable","14":"purchasable","15":"product-type-simple"},"_links":{"self":[{"href":"https:\/\/theboxgallery.de\/shop\/wp-json\/wp\/v2\/product\/325","targetHints":{"allow":["GET"]}}],"collection":[{"href":"https:\/\/theboxgallery.de\/shop\/wp-json\/wp\/v2\/product"}],"about":[{"href":"https:\/\/theboxgallery.de\/shop\/wp-json\/wp\/v2\/types\/product"}],"replies":[{"embeddable":true,"href":"https:\/\/theboxgallery.de\/shop\/wp-json\/wp\/v2\/comments?post=325"}],"version-history":[{"count":1,"href":"https:\/\/theboxgallery.de\/shop\/wp-json\/wp\/v2\/product\/325\/revisions"}],"predecessor-version":[{"id":355,"href":"https:\/\/theboxgallery.de\/shop\/wp-json\/wp\/v2\/product\/325\/revisions\/355"}],"wp:featuredmedia":[{"embeddable":true,"href":"https:\/\/theboxgallery.de\/shop\/wp-json\/wp\/v2\/media\/354"}],"wp:attachment":[{"href":"https:\/\/theboxgallery.de\/shop\/wp-json\/wp\/v2\/media?parent=325"}],"wp:term":[{"taxonomy":"product_cat","embeddable":true,"href":"https:\/\/theboxgallery.de\/shop\/wp-json\/wp\/v2\/product_cat?post=325"},{"taxonomy":"product_tag","embeddable":true,"href":"https:\/\/theboxgallery.de\/shop\/wp-json\/wp\/v2\/product_tag?post=325"}],"curies":[{"name":"wp","href":"https:\/\/api.w.org\/{rel}","templated":true}]}}