{"id":321,"date":"2024-04-03T14:17:36","date_gmt":"2024-04-03T12:17:36","guid":{"rendered":"https:\/\/theboxgallery.de\/shop\/?post_type=product&#038;p=321"},"modified":"2024-04-03T14:17:43","modified_gmt":"2024-04-03T12:17:43","slug":"dale-yudelmann-old-bond-street","status":"publish","type":"product","link":"https:\/\/theboxgallery.de\/shop\/produkt\/dale-yudelmann-old-bond-street\/","title":{"rendered":"DALE YUDELMANN \u2013 OLD BOND STREET"},"content":{"rendered":"<p>2008<br \/>\nChromogenic Colour Print<br \/>\n35cm x 250cm<br \/>\nED: 6\/9<\/p>\n<h2>Dale Yudelman&#8217;s Karriere in der Fotografie f\u00fchrte ihn durch zwei Epochen der s\u00fcdafrikanischen Geschichte sowie \u00fcber mehrere Kontinente hinweg. Geboren in Johannesburg und inspiriert von kreativen Eltern, begann er schon in jungen Jahren unter der Anleitung seines Vaters zu fotografieren.<br \/>\n1979, kaum aus seiner Teenagerzeit heraus, begann er als Fotograf f\u00fcr die Zeitung The Star Newspaper zu arbeiten. 1986 zog er nach London, wo er als freiberuflicher Fotograf f\u00fcr verschiedene Zeitungen und Magazine t\u00e4tig war. Nach seiner R\u00fcckkehr in das neu demokratische S\u00fcdafrika im Jahr 1996 begann er mit der K\u00fcnstlerin Arlene Amaler-Raviv zusammenzuarbeiten. Gemeinsam produzierten sie drei gro\u00dfe Ausstellungen und eine Reihe von Auftr\u00e4gen &#8211; ihre j\u00fcngste Ausstellung &#8220;Livestock&#8221; wurde auf der 8. Biennale von Havanna in Kuba gezeigt.<\/h2>\n","protected":false},"excerpt":{"rendered":"<p>2008 Chromogenic Colour Print 35cm x 250cm ED: 6\/9 Dale Yudelman&#8217;s Karriere in der Fotografie f\u00fchrte ihn durch zwei Epochen der s\u00fcdafrikanischen Geschichte sowie \u00fcber mehrere Kontinente hinweg. Geboren in Johannesburg und inspiriert von kreativen Eltern, begann er schon in jungen Jahren unter der Anleitung seines Vaters zu fotografieren. 1979, kaum aus seiner Teenagerzeit heraus, [&hellip;]<\/p>\n","protected":false},"featured_media":346,"comment_status":"open","ping_status":"closed","template":"","meta":[],"product_cat":[60],"product_tag":[61],"class_list":{"0":"post-321","1":"product","2":"type-product","3":"status-publish","4":"has-post-thumbnail","6":"product_cat-dale-yudelmann","7":"product_tag-dale-yudelmann","9":"first","10":"instock","11":"taxable","12":"shipping-taxable","13":"purchasable","14":"product-type-simple"},"_links":{"self":[{"href":"https:\/\/theboxgallery.de\/shop\/wp-json\/wp\/v2\/product\/321","targetHints":{"allow":["GET"]}}],"collection":[{"href":"https:\/\/theboxgallery.de\/shop\/wp-json\/wp\/v2\/product"}],"about":[{"href":"https:\/\/theboxgallery.de\/shop\/wp-json\/wp\/v2\/types\/product"}],"replies":[{"embeddable":true,"href":"https:\/\/theboxgallery.de\/shop\/wp-json\/wp\/v2\/comments?post=321"}],"version-history":[{"count":1,"href":"https:\/\/theboxgallery.de\/shop\/wp-json\/wp\/v2\/product\/321\/revisions"}],"predecessor-version":[{"id":347,"href":"https:\/\/theboxgallery.de\/shop\/wp-json\/wp\/v2\/product\/321\/revisions\/347"}],"wp:featuredmedia":[{"embeddable":true,"href":"https:\/\/theboxgallery.de\/shop\/wp-json\/wp\/v2\/media\/346"}],"wp:attachment":[{"href":"https:\/\/theboxgallery.de\/shop\/wp-json\/wp\/v2\/media?parent=321"}],"wp:term":[{"taxonomy":"product_cat","embeddable":true,"href":"https:\/\/theboxgallery.de\/shop\/wp-json\/wp\/v2\/product_cat?post=321"},{"taxonomy":"product_tag","embeddable":true,"href":"https:\/\/theboxgallery.de\/shop\/wp-json\/wp\/v2\/product_tag?post=321"}],"curies":[{"name":"wp","href":"https:\/\/api.w.org\/{rel}","templated":true}]}}