{"id":317,"date":"2024-04-03T14:17:36","date_gmt":"2024-04-03T12:17:36","guid":{"rendered":"https:\/\/theboxgallery.de\/shop\/?post_type=product&#038;p=317"},"modified":"2024-04-03T14:17:40","modified_gmt":"2024-04-03T12:17:40","slug":"christian-schad-self-portrait","status":"publish","type":"product","link":"https:\/\/theboxgallery.de\/shop\/produkt\/christian-schad-self-portrait\/","title":{"rendered":"CHRISTIAN SCHAD \u2013 SELF PORTRAIT"},"content":{"rendered":"<p>Colour Serigraphy<br \/>\n66cm x 54.5cm<br \/>\nhand signed<br \/>\nED: 18\/450<\/p>\n<h2>Christian Schad, geboren 1894, war ein deutscher Maler, der mit Dada und der Neuen Sachlichkeit in Verbindung gebracht wurde. Als Gruppe betrachtet, bilden Schads Portr\u00e4ts eine au\u00dfergew\u00f6hnliche Aufzeichnung des Lebens in Wien und Berlin in den Jahren nach dem Ersten Weltkrieg.<\/h2>\n","protected":false},"excerpt":{"rendered":"<p>Colour Serigraphy 66cm x 54.5cm hand signed ED: 18\/450 Christian Schad, geboren 1894, war ein deutscher Maler, der mit Dada und der Neuen Sachlichkeit in Verbindung gebracht wurde. Als Gruppe betrachtet, bilden Schads Portr\u00e4ts eine au\u00dfergew\u00f6hnliche Aufzeichnung des Lebens in Wien und Berlin in den Jahren nach dem Ersten Weltkrieg.<\/p>\n","protected":false},"featured_media":338,"comment_status":"open","ping_status":"closed","template":"","meta":[],"product_cat":[54],"product_tag":[55,56],"class_list":{"0":"post-317","1":"product","2":"type-product","3":"status-publish","4":"has-post-thumbnail","6":"product_cat-christian-schad","7":"product_tag-christian-schad","8":"product_tag-self-portrait","10":"first","11":"instock","12":"taxable","13":"shipping-taxable","14":"purchasable","15":"product-type-simple"},"_links":{"self":[{"href":"https:\/\/theboxgallery.de\/shop\/wp-json\/wp\/v2\/product\/317","targetHints":{"allow":["GET"]}}],"collection":[{"href":"https:\/\/theboxgallery.de\/shop\/wp-json\/wp\/v2\/product"}],"about":[{"href":"https:\/\/theboxgallery.de\/shop\/wp-json\/wp\/v2\/types\/product"}],"replies":[{"embeddable":true,"href":"https:\/\/theboxgallery.de\/shop\/wp-json\/wp\/v2\/comments?post=317"}],"version-history":[{"count":1,"href":"https:\/\/theboxgallery.de\/shop\/wp-json\/wp\/v2\/product\/317\/revisions"}],"predecessor-version":[{"id":339,"href":"https:\/\/theboxgallery.de\/shop\/wp-json\/wp\/v2\/product\/317\/revisions\/339"}],"wp:featuredmedia":[{"embeddable":true,"href":"https:\/\/theboxgallery.de\/shop\/wp-json\/wp\/v2\/media\/338"}],"wp:attachment":[{"href":"https:\/\/theboxgallery.de\/shop\/wp-json\/wp\/v2\/media?parent=317"}],"wp:term":[{"taxonomy":"product_cat","embeddable":true,"href":"https:\/\/theboxgallery.de\/shop\/wp-json\/wp\/v2\/product_cat?post=317"},{"taxonomy":"product_tag","embeddable":true,"href":"https:\/\/theboxgallery.de\/shop\/wp-json\/wp\/v2\/product_tag?post=317"}],"curies":[{"name":"wp","href":"https:\/\/api.w.org\/{rel}","templated":true}]}}