{"id":315,"date":"2024-04-03T14:17:36","date_gmt":"2024-04-03T12:17:36","guid":{"rendered":"https:\/\/theboxgallery.de\/shop\/?post_type=product&#038;p=315"},"modified":"2024-04-03T14:17:39","modified_gmt":"2024-04-03T12:17:39","slug":"andre-arment-misty-morning","status":"publish","type":"product","link":"https:\/\/theboxgallery.de\/shop\/produkt\/andre-arment-misty-morning\/","title":{"rendered":"ANDRE ARMENT \u2013 MISTY MORNING"},"content":{"rendered":"<p>2008<br \/>\n80 cm x 120 cm<br \/>\nKaschierung unter Acrylglas<br \/>\nLimited Edition: 150<\/p>\n<h2>Andr\u00e9 Arment, geboren 1977 auf der indonesischen Insel Sumatra, lebt seit 2004 als autodidaktischer Fotograf in Jakarta. Er erwarb sich die Kunst der Fotografie eigenst\u00e4ndig, indem er auf der Suche nach neuen Begegnungen und visuellen Eindr\u00fccken die verschiedenen Regionen seines Landes erkundete. Andr\u00e9 strebt danach, die Beziehung zwischen Menschen und ihrer Umgebung festzuhalten.<\/h2>\n","protected":false},"excerpt":{"rendered":"<p>2008 80 cm x 120 cm Kaschierung unter Acrylglas Limited Edition: 150 Andr\u00e9 Arment, geboren 1977 auf der indonesischen Insel Sumatra, lebt seit 2004 als autodidaktischer Fotograf in Jakarta. Er erwarb sich die Kunst der Fotografie eigenst\u00e4ndig, indem er auf der Suche nach neuen Begegnungen und visuellen Eindr\u00fccken die verschiedenen Regionen seines Landes erkundete. Andr\u00e9 [&hellip;]<\/p>\n","protected":false},"featured_media":334,"comment_status":"open","ping_status":"closed","template":"","meta":[],"product_cat":[48],"product_tag":[49,50],"class_list":{"0":"post-315","1":"product","2":"type-product","3":"status-publish","4":"has-post-thumbnail","6":"product_cat-andre-arment","7":"product_tag-andre-arment","8":"product_tag-misty-morning","10":"first","11":"instock","12":"taxable","13":"shipping-taxable","14":"purchasable","15":"product-type-simple"},"_links":{"self":[{"href":"https:\/\/theboxgallery.de\/shop\/wp-json\/wp\/v2\/product\/315","targetHints":{"allow":["GET"]}}],"collection":[{"href":"https:\/\/theboxgallery.de\/shop\/wp-json\/wp\/v2\/product"}],"about":[{"href":"https:\/\/theboxgallery.de\/shop\/wp-json\/wp\/v2\/types\/product"}],"replies":[{"embeddable":true,"href":"https:\/\/theboxgallery.de\/shop\/wp-json\/wp\/v2\/comments?post=315"}],"version-history":[{"count":1,"href":"https:\/\/theboxgallery.de\/shop\/wp-json\/wp\/v2\/product\/315\/revisions"}],"predecessor-version":[{"id":335,"href":"https:\/\/theboxgallery.de\/shop\/wp-json\/wp\/v2\/product\/315\/revisions\/335"}],"wp:featuredmedia":[{"embeddable":true,"href":"https:\/\/theboxgallery.de\/shop\/wp-json\/wp\/v2\/media\/334"}],"wp:attachment":[{"href":"https:\/\/theboxgallery.de\/shop\/wp-json\/wp\/v2\/media?parent=315"}],"wp:term":[{"taxonomy":"product_cat","embeddable":true,"href":"https:\/\/theboxgallery.de\/shop\/wp-json\/wp\/v2\/product_cat?post=315"},{"taxonomy":"product_tag","embeddable":true,"href":"https:\/\/theboxgallery.de\/shop\/wp-json\/wp\/v2\/product_tag?post=315"}],"curies":[{"name":"wp","href":"https:\/\/api.w.org\/{rel}","templated":true}]}}