{"id":312,"date":"2024-04-03T14:17:35","date_gmt":"2024-04-03T12:17:35","guid":{"rendered":"https:\/\/theboxgallery.de\/shop\/?post_type=product&#038;p=312"},"modified":"2024-04-03T14:17:37","modified_gmt":"2024-04-03T12:17:37","slug":"andreas-kock-little-miss-newton","status":"publish","type":"product","link":"https:\/\/theboxgallery.de\/shop\/produkt\/andreas-kock-little-miss-newton\/","title":{"rendered":"ANDREAS KOCK \u2013 LITTLE MISS NEWTON"},"content":{"rendered":"<p>2011<br \/>\n80 cm x 120 cm<br \/>\nKaschierung unter Acrylglas<br \/>\nLimited Edition: 100<\/p>\n<h2>Andreas Kocks Interesse und Karriere als Modefotograf aus Schweden entsprangen seiner vorherigen T\u00e4tigkeit als Art Director. Dabei inszenierte er sowohl einzelne Bilder als auch Modegeschichten \u00e4u\u00dferst sorgf\u00e4ltig.<\/h2>\n<p>Andreas&#8217; Aufnahmen, stark beeinflusst von dem verstorbenen Helmut Newton, zeichnen sich durch ihre akribische Detailgenauigkeit aus. Sie basieren stets auf einer starken konzeptionellen Idee, die oft von Kunst, Kinematographie, Sexualit\u00e4t und der Weiblichkeit selbst inspiriert ist.<\/p>\n","protected":false},"excerpt":{"rendered":"<p>2011 80 cm x 120 cm Kaschierung unter Acrylglas Limited Edition: 100 Andreas Kocks Interesse und Karriere als Modefotograf aus Schweden entsprangen seiner vorherigen T\u00e4tigkeit als Art Director. Dabei inszenierte er sowohl einzelne Bilder als auch Modegeschichten \u00e4u\u00dferst sorgf\u00e4ltig. Andreas&#8217; Aufnahmen, stark beeinflusst von dem verstorbenen Helmut Newton, zeichnen sich durch ihre akribische Detailgenauigkeit aus. [&hellip;]<\/p>\n","protected":false},"featured_media":328,"comment_status":"open","ping_status":"closed","template":"","meta":[],"product_cat":[41],"product_tag":[42,43],"class_list":{"0":"post-312","1":"product","2":"type-product","3":"status-publish","4":"has-post-thumbnail","6":"product_cat-andreas-kock","7":"product_tag-andreas-kock","8":"product_tag-little-miss-newton","10":"first","11":"instock","12":"taxable","13":"shipping-taxable","14":"purchasable","15":"product-type-simple"},"_links":{"self":[{"href":"https:\/\/theboxgallery.de\/shop\/wp-json\/wp\/v2\/product\/312","targetHints":{"allow":["GET"]}}],"collection":[{"href":"https:\/\/theboxgallery.de\/shop\/wp-json\/wp\/v2\/product"}],"about":[{"href":"https:\/\/theboxgallery.de\/shop\/wp-json\/wp\/v2\/types\/product"}],"replies":[{"embeddable":true,"href":"https:\/\/theboxgallery.de\/shop\/wp-json\/wp\/v2\/comments?post=312"}],"version-history":[{"count":1,"href":"https:\/\/theboxgallery.de\/shop\/wp-json\/wp\/v2\/product\/312\/revisions"}],"predecessor-version":[{"id":329,"href":"https:\/\/theboxgallery.de\/shop\/wp-json\/wp\/v2\/product\/312\/revisions\/329"}],"wp:featuredmedia":[{"embeddable":true,"href":"https:\/\/theboxgallery.de\/shop\/wp-json\/wp\/v2\/media\/328"}],"wp:attachment":[{"href":"https:\/\/theboxgallery.de\/shop\/wp-json\/wp\/v2\/media?parent=312"}],"wp:term":[{"taxonomy":"product_cat","embeddable":true,"href":"https:\/\/theboxgallery.de\/shop\/wp-json\/wp\/v2\/product_cat?post=312"},{"taxonomy":"product_tag","embeddable":true,"href":"https:\/\/theboxgallery.de\/shop\/wp-json\/wp\/v2\/product_tag?post=312"}],"curies":[{"name":"wp","href":"https:\/\/api.w.org\/{rel}","templated":true}]}}