{"id":165,"date":"2023-11-24T00:21:23","date_gmt":"2023-11-23T23:21:23","guid":{"rendered":"https:\/\/theboxgallery.de\/shop\/?post_type=product&#038;p=165"},"modified":"2023-11-24T23:05:46","modified_gmt":"2023-11-24T22:05:46","slug":"berner-stempel-bild-iii-auf-baumwolltuch-2023","status":"publish","type":"product","link":"https:\/\/theboxgallery.de\/shop\/produkt\/berner-stempel-bild-iii-auf-baumwolltuch-2023\/","title":{"rendered":"Berner Stempel-Bild auf Baumwolltuch III (2023)"},"content":{"rendered":"<p>Motiv aus der Serie <em>Berner Stempel-Bilder (2015).<\/em><\/p>\n<p>Diese umfangreiche Serie entstand w\u00e4hrend Andoras <em>Artist Residency<\/em> im <em>PROGR Zentrum f\u00fcr Kulturproduktion<\/em> in Bern (Schweiz). Au\u00dferhalb dieser Serie bilden die eigens entworfenen Stempel einen wichtigen Teil von Andoras Werk. Sie spiegeln nicht nur die literarischen Wurzeln des K\u00fcnstlers wider, sondern sind seit vielen Jahren Ausdrucksfl\u00e4che f\u00fcr seine Weltanschauungen und Philosophien.<\/p>\n<ul>\n<li>Siebdruck auf 100 % Baumwolle<\/li>\n<li>Limitierte Auflage: 50 Exemplare<\/li>\n<li>Nummeriert und signiert<\/li>\n<\/ul>\n","protected":false},"excerpt":{"rendered":"<p>Motiv aus der Serie Berner Stempel-Bilder (2015). Diese umfangreiche Serie entstand w\u00e4hrend Andoras Artist Residency im PROGR Zentrum f\u00fcr Kulturproduktion in Bern (Schweiz). Au\u00dferhalb dieser Serie bilden die eigens entworfenen Stempel einen wichtigen Teil von Andoras Werk. Sie spiegeln nicht nur die literarischen Wurzeln des K\u00fcnstlers wider, sondern sind seit vielen Jahren Ausdrucksfl\u00e4che f\u00fcr seine [&hellip;]<\/p>\n","protected":false},"featured_media":294,"comment_status":"open","ping_status":"closed","template":"","meta":[],"product_cat":[15],"product_tag":[],"class_list":{"0":"post-165","1":"product","2":"type-product","3":"status-publish","4":"has-post-thumbnail","6":"product_cat-unkategorisiert","8":"first","9":"instock","10":"taxable","11":"shipping-taxable","12":"purchasable","13":"product-type-simple"},"_links":{"self":[{"href":"https:\/\/theboxgallery.de\/shop\/wp-json\/wp\/v2\/product\/165","targetHints":{"allow":["GET"]}}],"collection":[{"href":"https:\/\/theboxgallery.de\/shop\/wp-json\/wp\/v2\/product"}],"about":[{"href":"https:\/\/theboxgallery.de\/shop\/wp-json\/wp\/v2\/types\/product"}],"replies":[{"embeddable":true,"href":"https:\/\/theboxgallery.de\/shop\/wp-json\/wp\/v2\/comments?post=165"}],"version-history":[{"count":5,"href":"https:\/\/theboxgallery.de\/shop\/wp-json\/wp\/v2\/product\/165\/revisions"}],"predecessor-version":[{"id":306,"href":"https:\/\/theboxgallery.de\/shop\/wp-json\/wp\/v2\/product\/165\/revisions\/306"}],"wp:featuredmedia":[{"embeddable":true,"href":"https:\/\/theboxgallery.de\/shop\/wp-json\/wp\/v2\/media\/294"}],"wp:attachment":[{"href":"https:\/\/theboxgallery.de\/shop\/wp-json\/wp\/v2\/media?parent=165"}],"wp:term":[{"taxonomy":"product_cat","embeddable":true,"href":"https:\/\/theboxgallery.de\/shop\/wp-json\/wp\/v2\/product_cat?post=165"},{"taxonomy":"product_tag","embeddable":true,"href":"https:\/\/theboxgallery.de\/shop\/wp-json\/wp\/v2\/product_tag?post=165"}],"curies":[{"name":"wp","href":"https:\/\/api.w.org\/{rel}","templated":true}]}}