{"id":68,"date":"2023-11-10T12:31:12","date_gmt":"2023-11-10T11:31:12","guid":{"rendered":"https:\/\/theboxgallery.de\/shop\/widerrufsbelehrung\/"},"modified":"2023-11-24T13:30:25","modified_gmt":"2023-11-24T12:30:25","slug":"widerrufsbelehrung","status":"publish","type":"page","link":"https:\/\/theboxgallery.de\/shop\/widerrufsbelehrung\/","title":{"rendered":"Widerrufsbelehrung"},"content":{"rendered":"<p>Sie haben das Recht, binnen vierzehn Tagen ohne Angabe von Gr\u00fcnden diesen Vertrag zu widerrufen. Die Widerrufsfrist betr\u00e4gt vierzehn Tage ab dem Tag, an dem Sie oder ein von Ihnen benannter Dritter, der nicht der Bef\u00f6rderer ist, die letzte Ware in Besitz genommen haben bzw. hat.<\/p>\n<p>Um Ihr Widerrufsrecht auszu\u00fcben, m\u00fcssen Sie uns<\/p>\n<p>Heritage GmbH<br \/>\nBorselstra\u00dfe 16f<br \/>\n22765 Hamburg<br \/>\n<strong>E-Mail:<\/strong>\u00a0info@thebox-hamburg.com<br \/>\n<strong>Telefon:<\/strong>\u00a0040\/399 06 214<br \/>\n<strong>Website:<\/strong>\u00a0www.thebox-shop.com<\/p>\n<p>mittels einer eindeutigen Erkl\u00e4rung (z. B. ein mit der Post versandter Brief, Telefax oder E-Mail) \u00fcber Ihren Entschluss, diesen Vertrag zu widerrufen, informieren. Sie k\u00f6nnen daf\u00fcr das\u00a0<a href=\"https:\/\/www.thebox-shop.com\/media\/pdf\/Widerrufsformular-The-Box.pdf\" target=\"_blank\" rel=\"noopener\"><strong>Widerrufsformular<\/strong><\/a>\u00a0verwenden, das jedoch nicht vorgeschrieben ist.<\/p>\n<p>Zur Wahrung der Widerrufsfrist reicht es aus, dass Sie die Mitteilung \u00fcber die Aus\u00fcbung des Widerrufsrechts vor Ablauf der Widerrufsfrist absenden. Die Ware muss unverz\u00fcglich und in jedem Fall sp\u00e4testens binnen vierzehn Tagen ab dem Tag, an dem er den Verk\u00e4ufer \u00fcber den Widerruf dieses Vertrages unterrichtet, an den Verk\u00e4ufer zur\u00fcckgesendet oder \u00fcbergeben werden. Die Frist ist gewahrt, wenn der K\u00e4ufer die Ware vor Ablauf der Frist von vierzehn Tagen absendet.<\/p>\n<p><strong>Folgen des Widerrufs<\/strong><\/p>\n<p>Wenn Sie diesen Vertrag widerrufen, haben wir Ihnen alle Zahlungen, die wir von Ihnen erhalten haben, einschlie\u00dflich der Lieferkosten (mit Ausnahme der zus\u00e4tzlichen Kosten, die sich daraus ergeben, dass Sie eine andere Art der Lieferung als die von uns angebotene, g\u00fcnstigste Standardlieferung gew\u00e4hlt haben), unverz\u00fcglich und sp\u00e4testens binnen vierzehn Tagen ab dem Tag zur\u00fcckzuzahlen, an dem die Mitteilung \u00fcber Ihren Widerruf dieses Vertrags bei uns eingegangen ist. F\u00fcr diese R\u00fcckzahlung verwenden wir dasselbe Zahlungsmittel, das Sie bei der urspr\u00fcnglichen Transaktion eingesetzt haben, es sei denn, mit Ihnen wurde ausdr\u00fccklich etwas anderes vereinbart; in keinem Fall werden Ihnen wegen dieser R\u00fcckzahlung Entgelte berechnet.<\/p>\n<p><strong>Wir tragen die Kosten der R\u00fccksendung der Waren sofern Sie das von Heritage GmbH zur Verf\u00fcgung gestellte Retourenlabel verwenden.<\/strong>\u00a0Heritage GmbH beh\u00e4lt sich vor, dem Kunden etwaige durch den unfreien R\u00fcckversand von Produkten entstandene Kosten in Rechnung zu stellen. Sie tragen die unmittelbaren Kosten der R\u00fccksendung der Waren, die aufgrund ihrer Beschaffenheit nicht normal mit der Post zur\u00fcckgesandt werden k\u00f6nnen. Bei Waren, die aufgrund ihrer Beschaffenheit nicht normal mit der Post zur\u00fcckgesandt werden k\u00f6nnen, betragen diese 20 EUR. Sie m\u00fcssen f\u00fcr einen etwaigen Wertverlust der Waren nur aufkommen, wenn dieser Wertverlust auf einen zur Pr\u00fcfung der Beschaffenheit, Eigenschaften und Funktionsweise der Waren nicht notwendigen Umgang mit Ihnen zur\u00fcckzuf\u00fchren ist.<\/p>\n<p>Das Widerrufsrecht besteht nicht bei den folgenden Vertr\u00e4gen:<\/p>\n<ul>\n<li>Vertr\u00e4ge zur Lieferung versiegelter Waren, die aus Gr\u00fcnden des Gesundheitsschutzes oder der Hygiene nicht zur R\u00fcckgabe geeignet sind, wenn ihre Versiegelung nach der Lieferung entfernt wurde.<\/li>\n<\/ul>\n<p>&nbsp;<\/p>\n<p><strong>Ende der Widerrufsbelehrung<\/strong><\/p>\n","protected":false},"excerpt":{"rendered":"<p>Sie haben das Recht, binnen vierzehn Tagen ohne Angabe von Gr\u00fcnden diesen Vertrag zu widerrufen. Die Widerrufsfrist betr\u00e4gt vierzehn Tage ab dem Tag, an dem Sie oder ein von Ihnen benannter Dritter, der nicht der Bef\u00f6rderer ist, die letzte Ware in Besitz genommen haben bzw. hat. Um Ihr Widerrufsrecht auszu\u00fcben, m\u00fcssen Sie uns Heritage GmbH [&hellip;]<\/p>\n","protected":false},"author":1,"featured_media":0,"parent":0,"menu_order":0,"comment_status":"closed","ping_status":"closed","template":"","meta":{"footnotes":""},"class_list":["post-68","page","type-page","status-publish","hentry"],"_links":{"self":[{"href":"https:\/\/theboxgallery.de\/shop\/wp-json\/wp\/v2\/pages\/68","targetHints":{"allow":["GET"]}}],"collection":[{"href":"https:\/\/theboxgallery.de\/shop\/wp-json\/wp\/v2\/pages"}],"about":[{"href":"https:\/\/theboxgallery.de\/shop\/wp-json\/wp\/v2\/types\/page"}],"author":[{"embeddable":true,"href":"https:\/\/theboxgallery.de\/shop\/wp-json\/wp\/v2\/users\/1"}],"replies":[{"embeddable":true,"href":"https:\/\/theboxgallery.de\/shop\/wp-json\/wp\/v2\/comments?post=68"}],"version-history":[{"count":3,"href":"https:\/\/theboxgallery.de\/shop\/wp-json\/wp\/v2\/pages\/68\/revisions"}],"predecessor-version":[{"id":240,"href":"https:\/\/theboxgallery.de\/shop\/wp-json\/wp\/v2\/pages\/68\/revisions\/240"}],"wp:attachment":[{"href":"https:\/\/theboxgallery.de\/shop\/wp-json\/wp\/v2\/media?parent=68"}],"curies":[{"name":"wp","href":"https:\/\/api.w.org\/{rel}","templated":true}]}}