{"id":67,"date":"2023-11-10T12:31:12","date_gmt":"2023-11-10T11:31:12","guid":{"rendered":"https:\/\/theboxgallery.de\/shop\/agb\/"},"modified":"2023-11-24T13:27:33","modified_gmt":"2023-11-24T12:27:33","slug":"agb","status":"publish","type":"page","link":"https:\/\/theboxgallery.de\/shop\/agb\/","title":{"rendered":"AGB"},"content":{"rendered":"\t\t<div data-elementor-type=\"wp-page\" data-elementor-id=\"67\" class=\"elementor elementor-67\" data-elementor-post-type=\"page\">\n\t\t\t\t<div class=\"elementor-element elementor-element-650a6a2d e-flex e-con-boxed e-con e-parent\" data-id=\"650a6a2d\" data-element_type=\"container\" data-core-v316-plus=\"true\">\n\t\t\t\t\t<div class=\"e-con-inner\">\n\t\t\t\t<div class=\"elementor-element elementor-element-5643dc50 elementor-widget elementor-widget-text-editor\" data-id=\"5643dc50\" data-element_type=\"widget\" data-widget_type=\"text-editor.default\">\n\t\t\t\t<div class=\"elementor-widget-container\">\n\t\t\t<style>\/*! elementor - v3.20.0 - 26-03-2024 *\/\n.elementor-widget-text-editor.elementor-drop-cap-view-stacked .elementor-drop-cap{background-color:#69727d;color:#fff}.elementor-widget-text-editor.elementor-drop-cap-view-framed .elementor-drop-cap{color:#69727d;border:3px solid;background-color:transparent}.elementor-widget-text-editor:not(.elementor-drop-cap-view-default) .elementor-drop-cap{margin-top:8px}.elementor-widget-text-editor:not(.elementor-drop-cap-view-default) .elementor-drop-cap-letter{width:1em;height:1em}.elementor-widget-text-editor .elementor-drop-cap{float:left;text-align:center;line-height:1;font-size:50px}.elementor-widget-text-editor .elementor-drop-cap-letter{display:inline-block}<\/style>\t\t\t\t<h3>Allgemeine Gesch\u00e4ftsbedingungen (AGB)<\/h3>\n<p>Stand vom 01.11.2023<\/p>\n<p><strong>1. Geltungsbereich<\/strong><\/p>\n<p>F\u00fcr alle Bestellungen \u00fcber unseren Online-Shop durch Verbraucher und Unternehmer gelten die nachfolgenden AGB.<\/p>\n<p>Verbraucher ist jede nat\u00fcrliche Person, die ein Rechtsgesch\u00e4ft zu Zwecken abschlie\u00dft, die \u00fcberwiegend weder ihrer gewerblichen noch ihrer selbst\u00e4ndigen beruflichen T\u00e4tigkeit zugerechnet werden k\u00f6nnen. Unternehmer ist eine nat\u00fcrliche oder juristische Person oder eine rechtsf\u00e4hige Personengesellschaft, die bei Abschluss eines Rechtsgesch\u00e4fts in Aus\u00fcbung ihrer gewerblichen oder selbst\u00e4ndigen beruflichen T\u00e4tigkeit handelt.<\/p>\n<p>Gegen\u00fcber Unternehmern gelten diese AGB auch f\u00fcr k\u00fcnftige Gesch\u00e4ftsbeziehungen, ohne dass wir nochmals auf sie hinweisen m\u00fcssten. Verwendet der Unternehmer entgegenstehende oder erg\u00e4nzende Allgemeine Gesch\u00e4ftsbedingungen, wird deren Geltung hiermit widersprochen; sie werden nur dann Vertragsbestandteil, wenn wir dem ausdr\u00fccklich zugestimmt haben.<\/p>\n<p><strong>2. Vertragspartner, Vertragsschluss<\/strong><\/p>\n<p>Der Kaufvertrag kommt zustande mit Heritage GmbH.<\/p>\n<p>Alle Darstellungen in dem Online-Shop sind Aufforderungen an den Kunden, ein Angebot abzugeben. Der Kunde gibt \u00fcber den Mausklick auf einen eindeutigen Kaufbutton ein verbindliches Angebot ab. Heritage GmbH hat 10 Tage Zeit, das Angebot anzunehmen. Anschlie\u00dfend senden wir dem Kunden eine unverbindliche Eingangsbest\u00e4tigung per E-Mail zu in der alle Einzelheiten zum Kauf aufgef\u00fchrt sind.<\/p>\n<p>Ein Kaufvertrag kommt erst zustande, wenn Heritage GmbH das Angebot des Kunden annimmt, indem Heritage GmbH die Ware an den Kunden versendet bzw. den Versand an den Kunden mit einer zweiten E-Mail (Versandbest\u00e4tigung) best\u00e4tigt. Wir werden insbesondere Bestellungen nicht annehmen, wenn deren Umfang haushalts\u00fcbliche Mengen \u00fcberschreitet oder wir an der Verl\u00e4sslichkeit der \u00fcberlassenen Informationen (Zahlungsmittel, Adressen) zweifeln.<\/p>\n<p><strong>3. Vertragssprache, Vertragstextspeicherung<\/strong><\/p>\n<p>Die f\u00fcr den Vertragsschluss zur Verf\u00fcgung stehende Sprache ist Deutsch.<\/p>\n<p>Wir speichern den Vertragstext und senden Ihnen die Bestelldaten und unsere AGB per E-Mail zu. Der Vertragstext ist aus Sicherheitsgr\u00fcnden nicht mehr \u00fcber das Internet zug\u00e4nglich.<\/p>\n<p><strong>4. Lieferbedingungen<\/strong><\/p>\n<p>Zuz\u00fcglich zu den angegebenen Produktpreisen kommen noch Versandkosten hinzu. N\u00e4heres zur H\u00f6he der Versandkosten erfahren Sie bei den Angeboten.<\/p>\n<p>Sie haben grunds\u00e4tzlich die M\u00f6glichkeit der Abholung bei The Box Hamburg, Borselstra\u00dfe 16f, 22765 Hamburg, Deutschland zu den nachfolgend angegebenen Gesch\u00e4ftszeiten: Di-Sa 12-19 Uhr.<\/p>\n<p><strong>5. Bezahlung<\/strong><\/p>\n<p>In unserem Shop stehen Ihnen grunds\u00e4tzlich die folgenden Zahlungsarten zur Verf\u00fcgung:<\/p>\n<p><strong>Vorkasse<\/strong><br>\nBei Auswahl der Zahlungsart Vorkasse nennen wir Ihnen unsere Bankverbindung in separater E-Mail und liefern die Ware nach Zahlungseingang.<\/p>\n<p><strong>PayPal Zahlungsarten<br>\n<\/strong><\/p>\n<p><strong>PayPal Express<\/strong><br>\nIm Bestellprozess werden Sie auf die Webseite des Online-Anbieters PayPal weitergeleitet. Um den Rechnungsbetrag \u00fcber PayPal bezahlen zu k\u00f6nnen, m\u00fcssen Sie dort registriert sein bzw. sich erst registrieren, mit Ihren Zugangsdaten legitimieren und die Zahlungsanweisung an uns best\u00e4tigen. Nach Abgabe der Bestellung im Shop fordern wir PayPal zur Einleitung der Zahlungstransaktion auf.<\/p>\n<p><strong>PayPal Plus<\/strong><br>\nIm Rahmen des Zahlungsdienstes PayPal Plus bieten wir Ihnen verschiedene Zahlungsmethoden als PayPal Services an. Sie werden auf die Webseite des Online-Anbieters PayPal weitergeleitet. Dort k\u00f6nnen Sie Ihre Zahlungsdaten angeben, die Verwendung Ihrer Daten durch PayPal und die Zahlungsanweisung an PayPal best\u00e4tigen.<\/p>\n<p>Wenn Sie die Zahlungsart PayPal gew\u00e4hlt haben, m\u00fcssen Sie, um den Rechnungsbetrag bezahlen zu k\u00f6nnen, dort registriert sein bzw. sich erst registrieren und mit Ihren Zugangsdaten legitimieren. Die Zahlungstransaktion wird von PayPal unmittelbar nach Best\u00e4tigung der Zahlungsanweisung automatisch durchgef\u00fchrt. Weitere Hinweise erhalten Sie beim Bestellvorgang.<\/p>\n<p>Wenn Sie die Zahlungsart Kreditkarte gew\u00e4hlt haben, m\u00fcssen Sie, um den Rechnungsbetrag bezahlen zu k\u00f6nnen, bei PayPal nicht registriert sein. Die Zahlungstransaktion wird unmittelbar nach Best\u00e4tigung der Zahlungsanweisung und nach Ihrer Legitimation als rechtm\u00e4\u00dfiger Karteninhaber von Ihrem Kreditkartenunternehmen auf Aufforderung von PayPal durchgef\u00fchrt und Ihre Karte belastet. Weitere Hinweise erhalten Sie beim Bestellvorgang.<\/p>\n<p>Wenn Sie die Zahlungsart&nbsp;<strong>Lastschrift<\/strong>&nbsp;gew\u00e4hlt haben, m\u00fcssen Sie, um den Rechnungsbetrag bezahlen zu k\u00f6nnen, bei PayPal nicht registriert sein. Mit Best\u00e4tigung der Zahlungsanweisung erteilen Sie PayPal ein Lastschriftmandat. \u00dcber das Datum der Kontobelastung werden Sie von PayPal informiert (sog. Prenotification). Unter Einreichung des Lastschriftmandats unmittelbar nach Best\u00e4tigung der Zahlungsanweisung fordert PayPal seine Bank zur Einleitung der Zahlungstransaktion auf. Die Zahlungstransaktion wird durchgef\u00fchrt und Ihr Konto belastet. Weitere Hinweise erhalten Sie beim Bestellvorgang.<\/p>\n<p>Wenn Sie die Zahlungsart Rechnung gew\u00e4hlt haben, m\u00fcssen Sie, um den Rechnungsbetrag bezahlen zu k\u00f6nnen, bei PayPal nicht registriert sein. Nach erfolgreicher Adress- und Bonit\u00e4tspr\u00fcfung und Abgabe der Bestellung treten wir unsere Forderung an PayPal ab. Sie k\u00f6nnen in diesem Fall nur an PayPal mit schuldbefreiender Wirkung leisten. F\u00fcr die Zahlungsabwicklung \u00fcber PayPal gelten \u2013 erg\u00e4nzend zu unseren AGB \u2013 die AGB und die Datenschutzerkl\u00e4rung von PayPal. Weitere Informationen und die vollst\u00e4ndigen AGB von PayPal zum Rechnungskauf finden Sie hier:&nbsp;<a href=\"https:\/\/www.paypal.com\/de\/webapps\/mpp\/ua\/pui-terms?locale.x=de_DE\" rel=\"nofollow noopener\">https:\/\/www.paypal.com\/de\/webapps\/mpp\/ua\/pui-terms?locale.x=de_DE<\/a>.<\/p>\n<p><strong>6. Eigentumsvorbehalt<\/strong><\/p>\n<p>Die Ware bleibt bis zur vollst\u00e4ndigen Bezahlung unser Eigentum.<br>\nF\u00fcr Unternehmer gilt erg\u00e4nzend: Wir behalten uns das Eigentum an der Ware bis zur vollst\u00e4ndigen Begleichung aller Forderungen aus einer laufenden Gesch\u00e4ftsbeziehung vor. Sie d\u00fcrfen die Vorbehaltsware im ordentlichen Gesch\u00e4ftsbetrieb weiterver\u00e4u\u00dfern; s\u00e4mtliche aus diesem Weiterverkauf entstehenden Forderungen treten Sie \u2013 unabh\u00e4ngig von einer Verbindung oder Vermischung der Vorbehaltsware mit einer neuen Sache &#8211; in H\u00f6he des Rechnungsbetrages an uns im Voraus ab, und wir nehmen diese Abtretung an. Sie bleiben zur Einziehung der Forderungen erm\u00e4chtigt, wir d\u00fcrfen Forderungen jedoch auch selbst einziehen, soweit Sie Ihren Zahlungsverpflichtungen nicht nachkommen.<\/p>\n<p><strong>7. Transportsch\u00e4den<\/strong><\/p>\n<p>F\u00fcr Verbraucher gilt:<br>\nWerden Waren mit offensichtlichen Transportsch\u00e4den angeliefert, so reklamieren Sie solche Fehler bitte m\u00f6glichst sofort beim Zusteller und nehmen Sie bitte unverz\u00fcglich Kontakt zu uns auf. Die Vers\u00e4umung einer Reklamation oder Kontaktaufnahme hat f\u00fcr Ihre gesetzlichen Anspr\u00fcche und deren Durchsetzung, insbesondere Ihre Gew\u00e4hrleistungsrechte, keinerlei Konsequenzen. Sie helfen uns aber, unsere eigenen Anspr\u00fcche gegen\u00fcber dem Frachtf\u00fchrer bzw. der Transportversicherung geltend machen zu k\u00f6nnen.<\/p>\n<p>F\u00fcr Unternehmer gilt:<br>\nDie Gefahr des zuf\u00e4lligen Untergangs und der zuf\u00e4lligen Verschlechterung geht auf Sie \u00fcber, sobald wir die Sache dem Spediteur, dem Frachtf\u00fchrer oder der sonst zur Ausf\u00fchrung der Versendung bestimmten Person oder Anstalt ausgeliefert haben. Unter Kaufleuten gilt die in \u00a7 377 HGB geregelte Untersuchungs- und R\u00fcgepflicht. Unterlassen Sie die dort geregelte Anzeige, so gilt die Ware als genehmigt, es sei denn, dass es sich um einen Mangel handelt, der bei der Untersuchung nicht erkennbar war. Dies gilt nicht, falls wir einen Mangel arglistig verschwiegen haben.<\/p>\n<p><strong>8. Gew\u00e4hrleistung und Garantien<\/strong><\/p>\n<p>Soweit nicht nachstehend ausdr\u00fccklich anders vereinbart, gilt das gesetzliche M\u00e4ngelhaftungsrecht. F\u00fcr Verbraucher betr\u00e4gt die Verj\u00e4hrungsfrist f\u00fcr M\u00e4ngelanspr\u00fcche bei gebrauchten Sachen ein Jahr ab Ablieferung der Ware.<br>\nF\u00fcr Unternehmer betr\u00e4gt die Verj\u00e4hrungsfrist f\u00fcr M\u00e4ngelanspr\u00fcche ein Jahr ab Gefahr\u00fcbergang; die gesetzlichen Verj\u00e4hrungsfristen f\u00fcr den R\u00fcckgriffsanspruch nach \u00a7 478 BGB bleiben unber\u00fchrt.<br>\nGegen\u00fcber Unternehmern gelten als Vereinbarung \u00fcber die Beschaffenheit der Ware nur unsere eigenen Angaben und die Produktbeschreibungen des Herstellers, die in den Vertrag einbezogen wurden; f\u00fcr \u00f6ffentliche \u00c4u\u00dferungen des Herstellers oder sonstige Werbeaussagen \u00fcbernehmen wir keine Haftung.<br>\nIst die gelieferte Sache mangelhaft, leisten wir gegen\u00fcber Unternehmern zun\u00e4chst nach unserer Wahl Gew\u00e4hr durch Beseitigung des Mangels (Nachbesserung) oder durch Lieferung einer mangelfreien Sache (Ersatzlieferung).<br>\nDie vorstehenden Einschr\u00e4nkungen und Fristverk\u00fcrzungen gelten nicht f\u00fcr Anspr\u00fcche aufgrund von Sch\u00e4den, die durch uns, unsere gesetzlichen Vertreter oder Erf\u00fcllungsgehilfen verursacht wurden<\/p>\n<ul>\n<li>bei Verletzung des Lebens, des K\u00f6rpers oder der Gesundheit<\/li>\n<li>bei vors\u00e4tzlicher oder grob fahrl\u00e4ssiger Pflichtverletzung sowie Arglist<\/li>\n<li>bei Verletzung wesentlicher Vertragspflichten, deren Erf\u00fcllung die ordnungsgem\u00e4\u00dfe Durchf\u00fchrung des Vertrages \u00fcberhaupt erst erm\u00f6glicht und auf deren Einhaltung der Vertragspartner regelm\u00e4\u00dfig vertrauen darf (Kardinalpflichten)<\/li>\n<li>im Rahmen eines Garantieversprechens, soweit vereinbart<\/li>\n<li>soweit der Anwendungsbereich des Produkthaftungsgesetzes er\u00f6ffnet ist.<\/li>\n<\/ul>\n<p>Informationen zu gegebenenfalls geltenden zus\u00e4tzlichen Garantien und deren genaue Bedingungen finden Sie jeweils beim Produkt und auf besonderen Informationsseiten im Onlineshop.<\/p>\n<p>Kundendienst: Du erreichst unseren Kundendienst f\u00fcr Fragen, Reklamationen und Beanstandungen werktags von 9:00 Uhr bis 17:00 Uhr unter der Telefonnummer 0800 3301218 sowie per E-Mail unter info[at]onekitchen.com.<\/p>\n<p><strong>9. Haftung<\/strong><\/p>\n<p>F\u00fcr Anspr\u00fcche aufgrund von Sch\u00e4den, die durch uns, unsere gesetzlichen Vertreter oder Erf\u00fcllungsgehilfen verursacht wurden, haften wir stets unbeschr\u00e4nkt<\/p>\n<ul>\n<li>bei Verletzung des Lebens, des K\u00f6rpers oder der Gesundheit,<\/li>\n<li>bei vors\u00e4tzlicher oder grob fahrl\u00e4ssiger Pflichtverletzung,<\/li>\n<li>bei Garantieversprechen, soweit vereinbart, oder<\/li>\n<li>soweit der Anwendungsbereich des Produkthaftungsgesetzes er\u00f6ffnet ist.<\/li>\n<\/ul>\n<p>Bei Verletzung wesentlicher Vertragspflichten, deren Erf\u00fcllung die ordnungsgem\u00e4\u00dfe Durchf\u00fchrung des Vertrages \u00fcberhaupt erst erm\u00f6glicht und auf deren Einhaltung der Vertragspartner regelm\u00e4\u00dfig vertrauen darf, (Kardinalpflichten) durch leichte Fahrl\u00e4ssigkeit von uns, unseren gesetzlichen Vertretern oder Erf\u00fcllungsgehilfen ist die Haftung der H\u00f6he nach auf den bei Vertragsschluss vorhersehbaren Schaden begrenzt, mit dessen Entstehung typischerweise gerechnet werden muss. Im \u00dcbrigen sind Anspr\u00fcche auf Schadensersatz ausgeschlossen.<\/p>\n<p><strong>10. Streitbeilegung<\/strong><\/p>\n<p>Die Europ\u00e4ische Kommission stellt eine Plattform zur Online-Streitbeilegung (OS) bereit, die Sie hier finden&nbsp;<a href=\"https:\/\/ec.europa.eu\/consumers\/odr\/\" target=\"_blank\" rel=\"nofollow noopener\">https:\/\/ec.europa.eu\/consumers\/odr\/<\/a>. Verbraucher haben die M\u00f6glichkeit, diese Plattform f\u00fcr die Beilegung ihrer Streitigkeiten zu nutzen.<br>\nZur Beilegung von Streitigkeiten aus einem Vertragsverh\u00e4ltnis mit einem Verbraucher bzw. dar\u00fcber, ob ein solches Vertragsverh\u00e4ltnis \u00fcberhaupt besteht, sind wir zur Teilnahme an Streitbeilegungsverfahren vor einer Verbraucherschlichtungsstelle verpflichtet. Zust\u00e4ndig ist die Allgemeine Verbraucherschlichtungsstelle des Zentrums f\u00fcr Schlichtung e.V., Stra\u00dfburger Stra\u00dfe 8, 77694 Kehl am Rhein,&nbsp;<a href=\"http:\/\/www.verbraucher-schlichter.de\/\" target=\"_blank\" rel=\"nofollow noopener\">www.verbraucher-schlichter.de<\/a>. An einem Streitbeilegungsverfahren vor dieser Stelle werden wir teilnehmen.<\/p>\n<p><strong>11. Schlussbestimmungen<\/strong><\/p>\n<p>Sind Sie Unternehmer, dann gilt deutsches Recht unter Ausschluss des UN-Kaufrechts. Sind Sie Kaufmann im Sinne des Handelsgesetzbuches, juristische Person des \u00f6ffentlichen Rechts oder \u00f6ffentlich-rechtliches Sonderverm\u00f6gen, ist ausschlie\u00dflicher Gerichtsstand f\u00fcr alle Streitigkeiten aus Vertragsverh\u00e4ltnissen zwischen uns und Ihnen unser Gesch\u00e4ftssitz.<\/p>\n<p>Heritage GmbH kann diese AGB \u00e4ndern, insbesondere um die Regelungen ge\u00e4nderten rechtlichen oder technischen Gegebenheiten anzupassen oder um auf ein ge\u00e4ndertes Marktumfeld zu reagieren, sofern die \u00c4nderung f\u00fcr den Kunden nicht unzumutbar ist. pinkmilk wird seine Kunden durch einen Hinweis beim Login auf der genutzten Seite auf wesentliche \u00c4nderungen und die Folgen eines unterlassenen Widerspruchs innerhalb einer angemessenen Frist hinweisen. Ohne Widerspruch wird die \u00c4nderung f\u00fcr den Kunden verbindlich.<\/p>\n<p>Die sonstigen Bestimmungen dieser AGB gelten auch f\u00fcr den Fall, dass einzelne Klauseln davon unwirksam sein sollten oder durch die \u00c4nderung von Recht oder seiner Auslegung unwirksam werden. pinkmilk kann solche Klauseln nach Ma\u00dfgabe der \u00fcbrigen Klauseln und der geltenden Rechtss\u00e4tze neu fassen.<\/p>\t\t\t\t\t\t<\/div>\n\t\t\t\t<\/div>\n\t\t\t\t\t<\/div>\n\t\t\t\t<\/div>\n\t\t\t\t<\/div>\n\t\t","protected":false},"excerpt":{"rendered":"<p>Allgemeine Gesch\u00e4ftsbedingungen (AGB) Stand vom 01.11.2023 1. Geltungsbereich F\u00fcr alle Bestellungen \u00fcber unseren Online-Shop durch Verbraucher und Unternehmer gelten die nachfolgenden AGB. Verbraucher ist jede nat\u00fcrliche Person, die ein Rechtsgesch\u00e4ft zu Zwecken abschlie\u00dft, die \u00fcberwiegend weder ihrer gewerblichen noch ihrer selbst\u00e4ndigen beruflichen T\u00e4tigkeit zugerechnet werden k\u00f6nnen. Unternehmer ist eine nat\u00fcrliche oder juristische Person oder eine [&hellip;]<\/p>\n","protected":false},"author":1,"featured_media":0,"parent":0,"menu_order":0,"comment_status":"closed","ping_status":"closed","template":"elementor_header_footer","meta":{"footnotes":""},"class_list":["post-67","page","type-page","status-publish","hentry"],"_links":{"self":[{"href":"https:\/\/theboxgallery.de\/shop\/wp-json\/wp\/v2\/pages\/67","targetHints":{"allow":["GET"]}}],"collection":[{"href":"https:\/\/theboxgallery.de\/shop\/wp-json\/wp\/v2\/pages"}],"about":[{"href":"https:\/\/theboxgallery.de\/shop\/wp-json\/wp\/v2\/types\/page"}],"author":[{"embeddable":true,"href":"https:\/\/theboxgallery.de\/shop\/wp-json\/wp\/v2\/users\/1"}],"replies":[{"embeddable":true,"href":"https:\/\/theboxgallery.de\/shop\/wp-json\/wp\/v2\/comments?post=67"}],"version-history":[{"count":7,"href":"https:\/\/theboxgallery.de\/shop\/wp-json\/wp\/v2\/pages\/67\/revisions"}],"predecessor-version":[{"id":237,"href":"https:\/\/theboxgallery.de\/shop\/wp-json\/wp\/v2\/pages\/67\/revisions\/237"}],"wp:attachment":[{"href":"https:\/\/theboxgallery.de\/shop\/wp-json\/wp\/v2\/media?parent=67"}],"curies":[{"name":"wp","href":"https:\/\/api.w.org\/{rel}","templated":true}]}}